{"id":20,"date":"2021-07-12T16:07:35","date_gmt":"2021-07-12T15:07:35","guid":{"rendered":"https:\/\/londonadvicecentre.org\/?page_id=20"},"modified":"2022-11-28T13:52:58","modified_gmt":"2022-11-28T13:52:58","slug":"prawa-konsumentow","status":"publish","type":"page","link":"https:\/\/londonadvicecentre.org\/pl\/prawa-konsumentow\/","title":{"rendered":"Prawa Konsument\u00f3w"},"content":{"rendered":"\n<h6 class=\"wp-block-heading\"><strong>London Advice Centre udziela informacji i konsultacji w nast\u0119puj\u0105cych kwestiach:<\/strong>\u00a0<\/h6>\n\n\n\n<ul class=\"wp-block-list\">\n<li>Prawa konsumenta\u00a0<\/li>\n\n\n\n<li>Sprzeda\u017c towar\u00f3w<\/li>\n\n\n\n<li>Otrzymywanie zwrotu pieni\u0119dzy<\/li>\n\n\n\n<li>Jak odrzuci\u0107 lub wymieni\u0107 towary i us\u0142ugi<\/li>\n\n\n\n<li>Jak uzyska\u0107 napraw\u0119 lub wymian\u0119 wadliwego towaru<\/li>\n<\/ul>\n\n\n\n<p>Je\u015bli chodzi o prawa konsumenckie i ochron\u0119 praw jednostek, prawo jest po Twojej stronie.<\/p>\n\n\n\n<h6 class=\"wp-block-heading\">London Advice Centre mo\u017ce udzieli\u0107 ci konkretnych informacji, kt\u00f3rych potrzebujesz, je\u015bli do\u015bwiadczasz kt\u00f3regokolwiek z poni\u017cszych:<\/h6>\n\n\n\n<ul class=\"wp-block-list\">\n<li>Kwestie opieki spo\u0142ecznej\u00a0<\/li>\n\n\n\n<li>Kwestie konsumenckie zwi\u0105zane z towarami i us\u0142ugami\u00a0<\/li>\n\n\n\n<li>Ochrona danych\u00a0<\/li>\n\n\n\n<li>Wolno\u015b\u0107 informacji\u00a0<\/li>\n\n\n\n<li>Prawa cz\u0142owieka i dyskryminacja\u00a0<\/li>\n\n\n\n<li>Porady dla student\u00f3w\u00a0\u00a0<\/li>\n<\/ul>\n\n\n\n<h6 class=\"wp-block-heading\"><strong>Uzyskanie zwrotu pieni\u0119dzy<\/strong><\/h6>\n\n\n\n<p>Ustawa o prawach konsumenta z 2015 r. stanowi, \u017ce masz prawo do zwrotu pieni\u0119dzy za odrzucony towar, ale odzyskanie pieni\u0119dzy nie zawsze jest takie proste. Jako konsument, przed zakupem towar\u00f3w lub us\u0142ug od firmy zazwyczaj musisz zaakceptowa\u0107 jej warunki. Z drugiej strony firmy i us\u0142ugodawcy maj\u0105 obowi\u0105zek wobec opinii publicznej zapewni\u0107, \u017ce ich towary nadaj\u0105 si\u0119 do celu i s\u0105 zgodne z przepisami dotycz\u0105cymi standard\u00f3w handlowych. Musz\u0105 r\u00f3wnie\u017c zapewni\u0107, \u017ce ich towary i us\u0142ugi s\u0105 sprzedawane zgodnie z opisem. Jednak nie zawsze tak jest. London Advice Centre pomo\u017ce rozwi\u0105za\u0107 Tw\u00f3j sp\u00f3r, niezale\u017cnie od tego, czy sk\u0142adasz skarg\u0119, czy si\u0119 bronisz. Zrobimy to tak ekonomicznie i efektywnie, jak to tylko mo\u017cliwe. <\/p>\n\n\n\n<h6 class=\"wp-block-heading\"> <strong>Sprzeda\u017c i zakup wadliwych towar\u00f3w<\/strong> <\/h6>\n\n\n\n<p>Prawo konsumenckie\u00a0stanowi, \u017ce kupuj\u0105c produkty lub us\u0142ugi od firmy, masz okre\u015blone prawa dotycz\u0105ce zgodno\u015bci towar\u00f3w, reklamowanego opisu, poziomu satysfakcji i jako\u015bci oraz przydatno\u015bci do celu.<\/p>\n\n\n\n<p>Prawa te okre\u015bla ustawa o sprzeda\u017cy towar\u00f3w z 1979 r. oraz ustawa o dostawie towar\u00f3w i us\u0142ug z 1982 r. Od 1 pa\u017adziernika 2015 r. s\u0105 one cz\u0119\u015bci\u0105 ustawy o prawach konsumenta.<\/p>\n\n\n\n<p>\u0141atwiej powiedzie\u0107, ni\u017c zrobi\u0107, gdy pr\u00f3bujesz nak\u0142oni\u0107 sprzedawc\u0119 do wys\u0142uchania Twojego niezadowolenia lub problemu, a tak\u017ce skorzysta\u0107 z przys\u0142uguj\u0105cych Ci praw.<\/p>\n\n\n\n<p>Je\u015bli uwa\u017casz, \u017ce Twoje prawa konsumenckie zosta\u0142y naruszone, <strong>London Advice Centre<\/strong>\u00a0jest tutaj, aby Ci pom\u00f3c i doradzi\u0107, aby\u015b otrzyma\u0142 prawid\u0142owe odpowiedzi.<\/p>\n\n\n\n<p>Skontaktuj si\u0119 z London Advice Centre, aby um\u00f3wi\u0107 si\u0119 na spotkanie ju\u017c dzi\u015b lub zarezerwowa\u0107 konsultacj\u0119.\u00a0<\/p>\n\n\n\n<p>WA\u017bNA UWAGA: B\u0119dziemy Ci\u0119 wspiera\u0107 w Twoim roszczeniu najlepiej jak potrafimy. Nale\u017cy jednak pami\u0119ta\u0107, \u017ce w przypadku roszcze\u0144 o warto\u015bci poni\u017cej 10 000 GBP odzyskanie koszt\u00f3w prawnych od strony przeciwnej jest ma\u0142o prawdopodobne, nawet je\u015bli sprawa zako\u0144czy si\u0119 pomy\u015blnie.<\/p>\n\n\n\n<p>UWAGA: jeste\u015bmy centrum porad, a nie kancelari\u0105 prawn\u0105.<\/p>\n","protected":false},"excerpt":{"rendered":"<p>London Advice Centre udziela informacji i konsultacji w nast\u0119puj\u0105cych kwestiach:\u00a0 Je\u015bli chodzi o prawa konsumenckie i ochron\u0119 praw jednostek, prawo jest po Twojej stronie. London Advice Centre mo\u017ce udzieli\u0107 ci konkretnych informacji, kt\u00f3rych potrzebujesz, je\u015bli do\u015bwiadczasz kt\u00f3regokolwiek z poni\u017cszych: Uzyskanie zwrotu pieni\u0119dzy Ustawa o prawach konsumenta z 2015 r. stanowi, \u017ce masz prawo do zwrotu&#8230;<\/p>\n<p class=\"more-link-wrap\"><a href=\"https:\/\/londonadvicecentre.org\/pl\/prawa-konsumentow\/\" class=\"more-link\">Read More<span class=\"screen-reader-text\"> &ldquo;Prawa Konsument\u00f3w&rdquo;<\/span> &raquo;<\/a><\/p>\n","protected":false},"author":1,"featured_media":0,"parent":0,"menu_order":0,"comment_status":"closed","ping_status":"closed","template":"","meta":{"footnotes":""},"class_list":["post-20","page","type-page","status-publish","hentry"],"yoast_head":"<!-- This site is optimized with the Yoast SEO plugin v27.5 - https:\/\/yoast.com\/product\/yoast-seo-wordpress\/ -->\n<title>Prawa Konsument\u00f3w - London Advice Centre PL<\/title>\n<meta name=\"description\" content=\"Je\u015bli chodzi o prawa konsumenckie i ochron\u0119 praw jednostek, prawo jest po Twojej stronie. Podobnie jak London Advice Centre.\" \/>\n<meta name=\"robots\" content=\"index, follow, max-snippet:-1, max-image-preview:large, max-video-preview:-1\" \/>\n<link rel=\"canonical\" href=\"https:\/\/londonadvicecentre.org\/pl\/prawa-konsumentow\/\" \/>\n<meta property=\"og:locale\" content=\"pl_PL\" \/>\n<meta property=\"og:type\" content=\"article\" \/>\n<meta property=\"og:title\" content=\"Prawa Konsument\u00f3w - London Advice Centre PL\" \/>\n<meta property=\"og:description\" content=\"Je\u015bli chodzi o prawa konsumenckie i ochron\u0119 praw jednostek, prawo jest po Twojej stronie. Podobnie jak London Advice Centre.\" \/>\n<meta property=\"og:url\" content=\"https:\/\/londonadvicecentre.org\/pl\/prawa-konsumentow\/\" \/>\n<meta property=\"og:site_name\" content=\"London Advice Centre PL\" \/>\n<meta property=\"article:publisher\" content=\"https:\/\/www.facebook.com\/profile.php?id=100072157610607\" \/>\n<meta property=\"article:modified_time\" content=\"2022-11-28T13:52:58+00:00\" \/>\n<meta name=\"twitter:card\" content=\"summary_large_image\" \/>\n<meta name=\"twitter:label1\" content=\"Szacowany czas czytania\" \/>\n\t<meta name=\"twitter:data1\" content=\"3 minuty\" \/>\n<script type=\"application\/ld+json\" class=\"yoast-schema-graph\">{\"@context\":\"https:\\\/\\\/schema.org\",\"@graph\":[{\"@type\":\"WebPage\",\"@id\":\"https:\\\/\\\/londonadvicecentre.org\\\/pl\\\/prawa-konsumentow\\\/\",\"url\":\"https:\\\/\\\/londonadvicecentre.org\\\/pl\\\/prawa-konsumentow\\\/\",\"name\":\"Prawa Konsument\u00f3w - London Advice Centre PL\",\"isPartOf\":{\"@id\":\"https:\\\/\\\/londonadvicecentre.org\\\/pl\\\/#website\"},\"datePublished\":\"2021-07-12T15:07:35+00:00\",\"dateModified\":\"2022-11-28T13:52:58+00:00\",\"description\":\"Je\u015bli chodzi o prawa konsumenckie i ochron\u0119 praw jednostek, prawo jest po Twojej stronie. Podobnie jak London Advice Centre.\",\"breadcrumb\":{\"@id\":\"https:\\\/\\\/londonadvicecentre.org\\\/pl\\\/prawa-konsumentow\\\/#breadcrumb\"},\"inLanguage\":\"pl-PL\",\"potentialAction\":[{\"@type\":\"ReadAction\",\"target\":[\"https:\\\/\\\/londonadvicecentre.org\\\/pl\\\/prawa-konsumentow\\\/\"]}]},{\"@type\":\"BreadcrumbList\",\"@id\":\"https:\\\/\\\/londonadvicecentre.org\\\/pl\\\/prawa-konsumentow\\\/#breadcrumb\",\"itemListElement\":[{\"@type\":\"ListItem\",\"position\":1,\"name\":\"Home\",\"item\":\"https:\\\/\\\/londonadvicecentre.org\\\/pl\\\/\"},{\"@type\":\"ListItem\",\"position\":2,\"name\":\"Prawa Konsument\u00f3w\"}]},{\"@type\":\"WebSite\",\"@id\":\"https:\\\/\\\/londonadvicecentre.org\\\/pl\\\/#website\",\"url\":\"https:\\\/\\\/londonadvicecentre.org\\\/pl\\\/\",\"name\":\"London Advice Centre PL\",\"description\":\"\",\"publisher\":{\"@id\":\"https:\\\/\\\/londonadvicecentre.org\\\/pl\\\/#organization\"},\"potentialAction\":[{\"@type\":\"SearchAction\",\"target\":{\"@type\":\"EntryPoint\",\"urlTemplate\":\"https:\\\/\\\/londonadvicecentre.org\\\/pl\\\/?s={search_term_string}\"},\"query-input\":{\"@type\":\"PropertyValueSpecification\",\"valueRequired\":true,\"valueName\":\"search_term_string\"}}],\"inLanguage\":\"pl-PL\"},{\"@type\":\"Organization\",\"@id\":\"https:\\\/\\\/londonadvicecentre.org\\\/pl\\\/#organization\",\"name\":\"London Advice Centre PL\",\"url\":\"https:\\\/\\\/londonadvicecentre.org\\\/pl\\\/\",\"logo\":{\"@type\":\"ImageObject\",\"inLanguage\":\"pl-PL\",\"@id\":\"https:\\\/\\\/londonadvicecentre.org\\\/pl\\\/#\\\/schema\\\/logo\\\/image\\\/\",\"url\":\"https:\\\/\\\/londonadvicecentre.org\\\/pl\\\/wp-content\\\/uploads\\\/sites\\\/2\\\/2022\\\/01\\\/london-advice-centre-logo-v1.png\",\"contentUrl\":\"https:\\\/\\\/londonadvicecentre.org\\\/pl\\\/wp-content\\\/uploads\\\/sites\\\/2\\\/2022\\\/01\\\/london-advice-centre-logo-v1.png\",\"width\":1024,\"height\":459,\"caption\":\"London Advice Centre PL\"},\"image\":{\"@id\":\"https:\\\/\\\/londonadvicecentre.org\\\/pl\\\/#\\\/schema\\\/logo\\\/image\\\/\"},\"sameAs\":[\"https:\\\/\\\/www.facebook.com\\\/profile.php?id=100072157610607\"]}]}<\/script>\n<!-- \/ Yoast SEO plugin. -->","yoast_head_json":{"title":"Prawa Konsument\u00f3w - London Advice Centre PL","description":"Je\u015bli chodzi o prawa konsumenckie i ochron\u0119 praw jednostek, prawo jest po Twojej stronie. Podobnie jak London Advice Centre.","robots":{"index":"index","follow":"follow","max-snippet":"max-snippet:-1","max-image-preview":"max-image-preview:large","max-video-preview":"max-video-preview:-1"},"canonical":"https:\/\/londonadvicecentre.org\/pl\/prawa-konsumentow\/","og_locale":"pl_PL","og_type":"article","og_title":"Prawa Konsument\u00f3w - London Advice Centre PL","og_description":"Je\u015bli chodzi o prawa konsumenckie i ochron\u0119 praw jednostek, prawo jest po Twojej stronie. Podobnie jak London Advice Centre.","og_url":"https:\/\/londonadvicecentre.org\/pl\/prawa-konsumentow\/","og_site_name":"London Advice Centre PL","article_publisher":"https:\/\/www.facebook.com\/profile.php?id=100072157610607","article_modified_time":"2022-11-28T13:52:58+00:00","twitter_card":"summary_large_image","twitter_misc":{"Szacowany czas czytania":"3 minuty"},"schema":{"@context":"https:\/\/schema.org","@graph":[{"@type":"WebPage","@id":"https:\/\/londonadvicecentre.org\/pl\/prawa-konsumentow\/","url":"https:\/\/londonadvicecentre.org\/pl\/prawa-konsumentow\/","name":"Prawa Konsument\u00f3w - London Advice Centre PL","isPartOf":{"@id":"https:\/\/londonadvicecentre.org\/pl\/#website"},"datePublished":"2021-07-12T15:07:35+00:00","dateModified":"2022-11-28T13:52:58+00:00","description":"Je\u015bli chodzi o prawa konsumenckie i ochron\u0119 praw jednostek, prawo jest po Twojej stronie. Podobnie jak London Advice Centre.","breadcrumb":{"@id":"https:\/\/londonadvicecentre.org\/pl\/prawa-konsumentow\/#breadcrumb"},"inLanguage":"pl-PL","potentialAction":[{"@type":"ReadAction","target":["https:\/\/londonadvicecentre.org\/pl\/prawa-konsumentow\/"]}]},{"@type":"BreadcrumbList","@id":"https:\/\/londonadvicecentre.org\/pl\/prawa-konsumentow\/#breadcrumb","itemListElement":[{"@type":"ListItem","position":1,"name":"Home","item":"https:\/\/londonadvicecentre.org\/pl\/"},{"@type":"ListItem","position":2,"name":"Prawa Konsument\u00f3w"}]},{"@type":"WebSite","@id":"https:\/\/londonadvicecentre.org\/pl\/#website","url":"https:\/\/londonadvicecentre.org\/pl\/","name":"London Advice Centre PL","description":"","publisher":{"@id":"https:\/\/londonadvicecentre.org\/pl\/#organization"},"potentialAction":[{"@type":"SearchAction","target":{"@type":"EntryPoint","urlTemplate":"https:\/\/londonadvicecentre.org\/pl\/?s={search_term_string}"},"query-input":{"@type":"PropertyValueSpecification","valueRequired":true,"valueName":"search_term_string"}}],"inLanguage":"pl-PL"},{"@type":"Organization","@id":"https:\/\/londonadvicecentre.org\/pl\/#organization","name":"London Advice Centre PL","url":"https:\/\/londonadvicecentre.org\/pl\/","logo":{"@type":"ImageObject","inLanguage":"pl-PL","@id":"https:\/\/londonadvicecentre.org\/pl\/#\/schema\/logo\/image\/","url":"https:\/\/londonadvicecentre.org\/pl\/wp-content\/uploads\/sites\/2\/2022\/01\/london-advice-centre-logo-v1.png","contentUrl":"https:\/\/londonadvicecentre.org\/pl\/wp-content\/uploads\/sites\/2\/2022\/01\/london-advice-centre-logo-v1.png","width":1024,"height":459,"caption":"London Advice Centre PL"},"image":{"@id":"https:\/\/londonadvicecentre.org\/pl\/#\/schema\/logo\/image\/"},"sameAs":["https:\/\/www.facebook.com\/profile.php?id=100072157610607"]}]}},"_links":{"self":[{"href":"https:\/\/londonadvicecentre.org\/pl\/wp-json\/wp\/v2\/pages\/20","targetHints":{"allow":["GET"]}}],"collection":[{"href":"https:\/\/londonadvicecentre.org\/pl\/wp-json\/wp\/v2\/pages"}],"about":[{"href":"https:\/\/londonadvicecentre.org\/pl\/wp-json\/wp\/v2\/types\/page"}],"author":[{"embeddable":true,"href":"https:\/\/londonadvicecentre.org\/pl\/wp-json\/wp\/v2\/users\/1"}],"replies":[{"embeddable":true,"href":"https:\/\/londonadvicecentre.org\/pl\/wp-json\/wp\/v2\/comments?post=20"}],"version-history":[{"count":4,"href":"https:\/\/londonadvicecentre.org\/pl\/wp-json\/wp\/v2\/pages\/20\/revisions"}],"predecessor-version":[{"id":602,"href":"https:\/\/londonadvicecentre.org\/pl\/wp-json\/wp\/v2\/pages\/20\/revisions\/602"}],"wp:attachment":[{"href":"https:\/\/londonadvicecentre.org\/pl\/wp-json\/wp\/v2\/media?parent=20"}],"curies":[{"name":"wp","href":"https:\/\/api.w.org\/{rel}","templated":true}]}}