{"id":40,"date":"2021-07-13T12:11:52","date_gmt":"2021-07-13T11:11:52","guid":{"rendered":"https:\/\/londonadvicecentre.org\/?page_id=40"},"modified":"2023-01-18T13:56:38","modified_gmt":"2023-01-18T13:56:38","slug":"prawo-pracy","status":"publish","type":"page","link":"https:\/\/londonadvicecentre.org\/pl\/prawo-pracy\/","title":{"rendered":"Prawo Pracy"},"content":{"rendered":"\n<figure class=\"wp-block-image size-large\"><img fetchpriority=\"high\" decoding=\"async\" width=\"1024\" height=\"682\" src=\"https:\/\/londonadvicecentre.org\/pl\/wp-content\/uploads\/sites\/2\/2021\/08\/pexels-photo-4342497-1024x682.jpeg\" alt=\"London Advice Centre\nEmployment Rights Advice\" class=\"wp-image-329\" srcset=\"https:\/\/londonadvicecentre.org\/pl\/wp-content\/uploads\/sites\/2\/2021\/08\/pexels-photo-4342497-1024x682.jpeg 1024w, https:\/\/londonadvicecentre.org\/pl\/wp-content\/uploads\/sites\/2\/2021\/08\/pexels-photo-4342497-300x200.jpeg 300w, https:\/\/londonadvicecentre.org\/pl\/wp-content\/uploads\/sites\/2\/2021\/08\/pexels-photo-4342497-768x512.jpeg 768w, https:\/\/londonadvicecentre.org\/pl\/wp-content\/uploads\/sites\/2\/2021\/08\/pexels-photo-4342497-1536x1024.jpeg 1536w, https:\/\/londonadvicecentre.org\/pl\/wp-content\/uploads\/sites\/2\/2021\/08\/pexels-photo-4342497.jpeg 1880w\" sizes=\"(max-width: 1024px) 100vw, 1024px\" \/><\/figure>\n\n\n\n<p>W London Advice Centre oferujemy dedykowane wsparcie i porady w zakresie prawa pracy, kiedy tego potrzebujesz.<\/p>\n\n\n\n<ul class=\"wp-block-list\">\n<li>Czy konieczne jest posiadanie umowy o prac\u0119?<\/li>\n\n\n\n<li>Jakiej minimalnej stawki godzinowej mog\u0119 oczekiwa\u0107 od pracodawcy?<\/li>\n\n\n\n<li>Czy mo\u017cna mnie zwolni\u0107, gdy b\u0119d\u0119 na zwolnieniu lekarskim?<\/li>\n\n\n\n<li>Czy mam prawo domaga\u0107 si\u0119 odszkodowania, je\u015bli zosta\u0142em nies\u0142usznie zwolniony?<\/li>\n\n\n\n<li>Jakie s\u0105 moje opcje, je\u015bli by\u0142em dyskryminowany w pracy?<\/li>\n\n\n\n<li>Jakie s\u0105 moje opcje, je\u015bli by\u0142em n\u0119kany lub zastraszany w miejscu pracy?<\/li>\n\n\n\n<li>Jakie s\u0105 moje prawa podczas pracy w niepe\u0142nym wymiarze czasu pracy lub na umowie na czas okre\u015blony?<\/li>\n\n\n\n<li>Jakie s\u0105 moje prawa w miejscu pracy gdy jestem w ci\u0105\u017cy lub urodzi\u0142am dziecko?<\/li>\n\n\n\n<li>Nies\u0142uszne roszczenia o zwolnienie<\/li>\n\n\n\n<li>Roszczenia o wymuszone zwolnienie<\/li>\n\n\n\n<li>Roszczenia o dyskryminacj\u0119 w pracy<\/li>\n\n\n\n<li>Przepisy dotycz\u0105ce przejmowania przedsi\u0119biorstw (ochrona zatrudnienia) (TUPE)<\/li>\n\n\n\n<li>Umowy (w tym redagowanie, przegl\u0105d i rozstrzyganie spor\u00f3w)<\/li>\n\n\n\n<li>Porozumienia kompromisowe<\/li>\n\n\n\n<li>Umowy ugodowe<\/li>\n\n\n\n<li>Umowne i ustawowe odprawy<\/li>\n\n\n\n<li>Nielegalne potr\u0105canie z wynagrodzenia<\/li>\n\n\n\n<li>Skargi i procedury dyscyplinarne<\/li>\n\n\n\n<li>Prze\u015bladowanie i n\u0119kanie<\/li>\n<\/ul>\n\n\n\n<p>London Advice Centre oferuje bardziej konkurencyjne ceny ni\u017c wielu naszych konkurent\u00f3w i utrzymujemy je na poziomie osi\u0105galnym dla wszystkich naszych klient\u00f3w. Gwarantujemy doskona\u0142y stosunek jako\u015bci do ceny i jeste\u015bmy gotowi pom\u00f3c klientom w ramach ich bud\u017cet\u00f3w. S\u0142uchamy naszych klient\u00f3w i dok\u0142adnie analizujemy ich specyficzne potrzeby. Dzi\u0119ki temu jeste\u015bmy w stanie zrobi\u0107 to dobrze i poprawnie ju\u017c za pierwszym razem, co przek\u0142ada si\u0119 na obni\u017cenie koszt\u00f3w.<\/p>\n\n\n\n<p>Opr\u00f3cz oferowania porad ekspert\u00f3w w kwestiach wymienionych powy\u017cej, nasz zesp\u00f3\u0142 ds. zatrudnienia oferuje reprezentacj\u0119 w nast\u0119puj\u0105cych kwestiach:<\/p>\n\n\n\n<ul class=\"wp-block-list\">\n<li>Dyskusje dotycz\u0105ce zarz\u0105dzania sprawami<\/li>\n\n\n\n<li>Konsultacje przed rozpraw\u0105<\/li>\n\n\n\n<li>Pe\u0142ne przes\u0142uchania merytoryczne<\/li>\n\n\n\n<li>Przes\u0142uchania zaradcze<\/li>\n<\/ul>\n\n\n\n<p>Zadzwo\u0144 teraz do <a style=\"text-decoration:none;color:inherit\" href=\"https:\/\/www.londonadvicecentre.org\">London Advice Centre<\/a>, aby um\u00f3wi\u0107 si\u0119 na konsultacj\u0119.<\/p>\n","protected":false},"excerpt":{"rendered":"<p>W London Advice Centre oferujemy dedykowane wsparcie i porady w zakresie prawa pracy, kiedy tego potrzebujesz. London Advice Centre oferuje bardziej konkurencyjne ceny ni\u017c wielu naszych konkurent\u00f3w i utrzymujemy je na poziomie osi\u0105galnym dla wszystkich naszych klient\u00f3w. Gwarantujemy doskona\u0142y stosunek jako\u015bci do ceny i jeste\u015bmy gotowi pom\u00f3c klientom w ramach ich bud\u017cet\u00f3w. S\u0142uchamy naszych klient\u00f3w&#8230;<\/p>\n<p class=\"more-link-wrap\"><a href=\"https:\/\/londonadvicecentre.org\/pl\/prawo-pracy\/\" class=\"more-link\">Read More<span class=\"screen-reader-text\"> &ldquo;Prawo Pracy&rdquo;<\/span> &raquo;<\/a><\/p>\n","protected":false},"author":1,"featured_media":0,"parent":0,"menu_order":0,"comment_status":"closed","ping_status":"closed","template":"","meta":{"footnotes":""},"class_list":["post-40","page","type-page","status-publish","hentry"],"yoast_head":"<!-- This site is optimized with the Yoast SEO plugin v27.4 - https:\/\/yoast.com\/product\/yoast-seo-wordpress\/ -->\n<title>Prawo Pracy - London Advice Centre PL<\/title>\n<meta name=\"description\" content=\"London Advice Centre - Czy potrzebujesz porady dotycz\u0105cej praw pracownika? Je\u015bli tak, zadzwo\u0144 do nas teraz, aby um\u00f3wi\u0107 si\u0119 na konsultacj\u0119.\" \/>\n<meta name=\"robots\" content=\"index, follow, max-snippet:-1, max-image-preview:large, max-video-preview:-1\" \/>\n<link rel=\"canonical\" href=\"https:\/\/londonadvicecentre.org\/pl\/prawo-pracy\/\" \/>\n<meta property=\"og:locale\" content=\"pl_PL\" \/>\n<meta property=\"og:type\" content=\"article\" \/>\n<meta property=\"og:title\" content=\"Prawo Pracy - London Advice Centre PL\" \/>\n<meta property=\"og:description\" content=\"London Advice Centre - Czy potrzebujesz porady dotycz\u0105cej praw pracownika? Je\u015bli tak, zadzwo\u0144 do nas teraz, aby um\u00f3wi\u0107 si\u0119 na konsultacj\u0119.\" \/>\n<meta property=\"og:url\" content=\"https:\/\/londonadvicecentre.org\/pl\/prawo-pracy\/\" \/>\n<meta property=\"og:site_name\" content=\"London Advice Centre PL\" \/>\n<meta property=\"article:publisher\" content=\"https:\/\/www.facebook.com\/profile.php?id=100072157610607\" \/>\n<meta property=\"article:modified_time\" content=\"2023-01-18T13:56:38+00:00\" \/>\n<meta property=\"og:image\" content=\"https:\/\/londonadvicecentre.org\/pl\/wp-content\/uploads\/sites\/2\/2021\/08\/pexels-photo-4342497-1024x682.jpeg\" \/>\n<meta name=\"twitter:card\" content=\"summary_large_image\" \/>\n<meta name=\"twitter:label1\" content=\"Szacowany czas czytania\" \/>\n\t<meta name=\"twitter:data1\" content=\"2 minuty\" \/>\n<script type=\"application\/ld+json\" class=\"yoast-schema-graph\">{\"@context\":\"https:\\\/\\\/schema.org\",\"@graph\":[{\"@type\":\"WebPage\",\"@id\":\"https:\\\/\\\/londonadvicecentre.org\\\/pl\\\/prawo-pracy\\\/\",\"url\":\"https:\\\/\\\/londonadvicecentre.org\\\/pl\\\/prawo-pracy\\\/\",\"name\":\"Prawo Pracy - London Advice Centre PL\",\"isPartOf\":{\"@id\":\"https:\\\/\\\/londonadvicecentre.org\\\/pl\\\/#website\"},\"primaryImageOfPage\":{\"@id\":\"https:\\\/\\\/londonadvicecentre.org\\\/pl\\\/prawo-pracy\\\/#primaryimage\"},\"image\":{\"@id\":\"https:\\\/\\\/londonadvicecentre.org\\\/pl\\\/prawo-pracy\\\/#primaryimage\"},\"thumbnailUrl\":\"https:\\\/\\\/londonadvicecentre.org\\\/pl\\\/wp-content\\\/uploads\\\/sites\\\/2\\\/2021\\\/08\\\/pexels-photo-4342497-1024x682.jpeg\",\"datePublished\":\"2021-07-13T11:11:52+00:00\",\"dateModified\":\"2023-01-18T13:56:38+00:00\",\"description\":\"London Advice Centre - Czy potrzebujesz porady dotycz\u0105cej praw pracownika? Je\u015bli tak, zadzwo\u0144 do nas teraz, aby um\u00f3wi\u0107 si\u0119 na konsultacj\u0119.\",\"breadcrumb\":{\"@id\":\"https:\\\/\\\/londonadvicecentre.org\\\/pl\\\/prawo-pracy\\\/#breadcrumb\"},\"inLanguage\":\"pl-PL\",\"potentialAction\":[{\"@type\":\"ReadAction\",\"target\":[\"https:\\\/\\\/londonadvicecentre.org\\\/pl\\\/prawo-pracy\\\/\"]}]},{\"@type\":\"ImageObject\",\"inLanguage\":\"pl-PL\",\"@id\":\"https:\\\/\\\/londonadvicecentre.org\\\/pl\\\/prawo-pracy\\\/#primaryimage\",\"url\":\"https:\\\/\\\/londonadvicecentre.org\\\/pl\\\/wp-content\\\/uploads\\\/sites\\\/2\\\/2021\\\/08\\\/pexels-photo-4342497.jpeg\",\"contentUrl\":\"https:\\\/\\\/londonadvicecentre.org\\\/pl\\\/wp-content\\\/uploads\\\/sites\\\/2\\\/2021\\\/08\\\/pexels-photo-4342497.jpeg\",\"width\":1880,\"height\":1253,\"caption\":\"London Advice Centre - Meeting\"},{\"@type\":\"BreadcrumbList\",\"@id\":\"https:\\\/\\\/londonadvicecentre.org\\\/pl\\\/prawo-pracy\\\/#breadcrumb\",\"itemListElement\":[{\"@type\":\"ListItem\",\"position\":1,\"name\":\"Home\",\"item\":\"https:\\\/\\\/londonadvicecentre.org\\\/pl\\\/\"},{\"@type\":\"ListItem\",\"position\":2,\"name\":\"Prawo Pracy\"}]},{\"@type\":\"WebSite\",\"@id\":\"https:\\\/\\\/londonadvicecentre.org\\\/pl\\\/#website\",\"url\":\"https:\\\/\\\/londonadvicecentre.org\\\/pl\\\/\",\"name\":\"London Advice Centre PL\",\"description\":\"\",\"publisher\":{\"@id\":\"https:\\\/\\\/londonadvicecentre.org\\\/pl\\\/#organization\"},\"potentialAction\":[{\"@type\":\"SearchAction\",\"target\":{\"@type\":\"EntryPoint\",\"urlTemplate\":\"https:\\\/\\\/londonadvicecentre.org\\\/pl\\\/?s={search_term_string}\"},\"query-input\":{\"@type\":\"PropertyValueSpecification\",\"valueRequired\":true,\"valueName\":\"search_term_string\"}}],\"inLanguage\":\"pl-PL\"},{\"@type\":\"Organization\",\"@id\":\"https:\\\/\\\/londonadvicecentre.org\\\/pl\\\/#organization\",\"name\":\"London Advice Centre PL\",\"url\":\"https:\\\/\\\/londonadvicecentre.org\\\/pl\\\/\",\"logo\":{\"@type\":\"ImageObject\",\"inLanguage\":\"pl-PL\",\"@id\":\"https:\\\/\\\/londonadvicecentre.org\\\/pl\\\/#\\\/schema\\\/logo\\\/image\\\/\",\"url\":\"https:\\\/\\\/londonadvicecentre.org\\\/pl\\\/wp-content\\\/uploads\\\/sites\\\/2\\\/2022\\\/01\\\/london-advice-centre-logo-v1.png\",\"contentUrl\":\"https:\\\/\\\/londonadvicecentre.org\\\/pl\\\/wp-content\\\/uploads\\\/sites\\\/2\\\/2022\\\/01\\\/london-advice-centre-logo-v1.png\",\"width\":1024,\"height\":459,\"caption\":\"London Advice Centre PL\"},\"image\":{\"@id\":\"https:\\\/\\\/londonadvicecentre.org\\\/pl\\\/#\\\/schema\\\/logo\\\/image\\\/\"},\"sameAs\":[\"https:\\\/\\\/www.facebook.com\\\/profile.php?id=100072157610607\"]}]}<\/script>\n<!-- \/ Yoast SEO plugin. -->","yoast_head_json":{"title":"Prawo Pracy - London Advice Centre PL","description":"London Advice Centre - Czy potrzebujesz porady dotycz\u0105cej praw pracownika? Je\u015bli tak, zadzwo\u0144 do nas teraz, aby um\u00f3wi\u0107 si\u0119 na konsultacj\u0119.","robots":{"index":"index","follow":"follow","max-snippet":"max-snippet:-1","max-image-preview":"max-image-preview:large","max-video-preview":"max-video-preview:-1"},"canonical":"https:\/\/londonadvicecentre.org\/pl\/prawo-pracy\/","og_locale":"pl_PL","og_type":"article","og_title":"Prawo Pracy - London Advice Centre PL","og_description":"London Advice Centre - Czy potrzebujesz porady dotycz\u0105cej praw pracownika? Je\u015bli tak, zadzwo\u0144 do nas teraz, aby um\u00f3wi\u0107 si\u0119 na konsultacj\u0119.","og_url":"https:\/\/londonadvicecentre.org\/pl\/prawo-pracy\/","og_site_name":"London Advice Centre PL","article_publisher":"https:\/\/www.facebook.com\/profile.php?id=100072157610607","article_modified_time":"2023-01-18T13:56:38+00:00","og_image":[{"url":"https:\/\/londonadvicecentre.org\/pl\/wp-content\/uploads\/sites\/2\/2021\/08\/pexels-photo-4342497-1024x682.jpeg","type":"","width":"","height":""}],"twitter_card":"summary_large_image","twitter_misc":{"Szacowany czas czytania":"2 minuty"},"schema":{"@context":"https:\/\/schema.org","@graph":[{"@type":"WebPage","@id":"https:\/\/londonadvicecentre.org\/pl\/prawo-pracy\/","url":"https:\/\/londonadvicecentre.org\/pl\/prawo-pracy\/","name":"Prawo Pracy - London Advice Centre PL","isPartOf":{"@id":"https:\/\/londonadvicecentre.org\/pl\/#website"},"primaryImageOfPage":{"@id":"https:\/\/londonadvicecentre.org\/pl\/prawo-pracy\/#primaryimage"},"image":{"@id":"https:\/\/londonadvicecentre.org\/pl\/prawo-pracy\/#primaryimage"},"thumbnailUrl":"https:\/\/londonadvicecentre.org\/pl\/wp-content\/uploads\/sites\/2\/2021\/08\/pexels-photo-4342497-1024x682.jpeg","datePublished":"2021-07-13T11:11:52+00:00","dateModified":"2023-01-18T13:56:38+00:00","description":"London Advice Centre - Czy potrzebujesz porady dotycz\u0105cej praw pracownika? Je\u015bli tak, zadzwo\u0144 do nas teraz, aby um\u00f3wi\u0107 si\u0119 na konsultacj\u0119.","breadcrumb":{"@id":"https:\/\/londonadvicecentre.org\/pl\/prawo-pracy\/#breadcrumb"},"inLanguage":"pl-PL","potentialAction":[{"@type":"ReadAction","target":["https:\/\/londonadvicecentre.org\/pl\/prawo-pracy\/"]}]},{"@type":"ImageObject","inLanguage":"pl-PL","@id":"https:\/\/londonadvicecentre.org\/pl\/prawo-pracy\/#primaryimage","url":"https:\/\/londonadvicecentre.org\/pl\/wp-content\/uploads\/sites\/2\/2021\/08\/pexels-photo-4342497.jpeg","contentUrl":"https:\/\/londonadvicecentre.org\/pl\/wp-content\/uploads\/sites\/2\/2021\/08\/pexels-photo-4342497.jpeg","width":1880,"height":1253,"caption":"London Advice Centre - Meeting"},{"@type":"BreadcrumbList","@id":"https:\/\/londonadvicecentre.org\/pl\/prawo-pracy\/#breadcrumb","itemListElement":[{"@type":"ListItem","position":1,"name":"Home","item":"https:\/\/londonadvicecentre.org\/pl\/"},{"@type":"ListItem","position":2,"name":"Prawo Pracy"}]},{"@type":"WebSite","@id":"https:\/\/londonadvicecentre.org\/pl\/#website","url":"https:\/\/londonadvicecentre.org\/pl\/","name":"London Advice Centre PL","description":"","publisher":{"@id":"https:\/\/londonadvicecentre.org\/pl\/#organization"},"potentialAction":[{"@type":"SearchAction","target":{"@type":"EntryPoint","urlTemplate":"https:\/\/londonadvicecentre.org\/pl\/?s={search_term_string}"},"query-input":{"@type":"PropertyValueSpecification","valueRequired":true,"valueName":"search_term_string"}}],"inLanguage":"pl-PL"},{"@type":"Organization","@id":"https:\/\/londonadvicecentre.org\/pl\/#organization","name":"London Advice Centre PL","url":"https:\/\/londonadvicecentre.org\/pl\/","logo":{"@type":"ImageObject","inLanguage":"pl-PL","@id":"https:\/\/londonadvicecentre.org\/pl\/#\/schema\/logo\/image\/","url":"https:\/\/londonadvicecentre.org\/pl\/wp-content\/uploads\/sites\/2\/2022\/01\/london-advice-centre-logo-v1.png","contentUrl":"https:\/\/londonadvicecentre.org\/pl\/wp-content\/uploads\/sites\/2\/2022\/01\/london-advice-centre-logo-v1.png","width":1024,"height":459,"caption":"London Advice Centre PL"},"image":{"@id":"https:\/\/londonadvicecentre.org\/pl\/#\/schema\/logo\/image\/"},"sameAs":["https:\/\/www.facebook.com\/profile.php?id=100072157610607"]}]}},"_links":{"self":[{"href":"https:\/\/londonadvicecentre.org\/pl\/wp-json\/wp\/v2\/pages\/40","targetHints":{"allow":["GET"]}}],"collection":[{"href":"https:\/\/londonadvicecentre.org\/pl\/wp-json\/wp\/v2\/pages"}],"about":[{"href":"https:\/\/londonadvicecentre.org\/pl\/wp-json\/wp\/v2\/types\/page"}],"author":[{"embeddable":true,"href":"https:\/\/londonadvicecentre.org\/pl\/wp-json\/wp\/v2\/users\/1"}],"replies":[{"embeddable":true,"href":"https:\/\/londonadvicecentre.org\/pl\/wp-json\/wp\/v2\/comments?post=40"}],"version-history":[{"count":6,"href":"https:\/\/londonadvicecentre.org\/pl\/wp-json\/wp\/v2\/pages\/40\/revisions"}],"predecessor-version":[{"id":647,"href":"https:\/\/londonadvicecentre.org\/pl\/wp-json\/wp\/v2\/pages\/40\/revisions\/647"}],"wp:attachment":[{"href":"https:\/\/londonadvicecentre.org\/pl\/wp-json\/wp\/v2\/media?parent=40"}],"curies":[{"name":"wp","href":"https:\/\/api.w.org\/{rel}","templated":true}]}}