{"id":44,"date":"2021-07-13T12:13:32","date_gmt":"2021-07-13T11:13:32","guid":{"rendered":"https:\/\/londonadvicecentre.org\/?page_id=44"},"modified":"2023-01-19T13:45:19","modified_gmt":"2023-01-19T13:45:19","slug":"zasilki-emerytury-renty-chorobowe","status":"publish","type":"page","link":"https:\/\/londonadvicecentre.org\/pl\/zasilki-emerytury-renty-chorobowe\/","title":{"rendered":"Zasi\u0142ki, Emerytury oraz Renty Chorobowe"},"content":{"rendered":"\n<p>Pomoc finansowa mo\u017ce by\u0107 dla Ciebie dost\u0119pna w zale\u017cno\u015bci od okoliczno\u015bci. Dowiedz si\u0119, jakie \u015bwiadczenia socjalne Ci si\u0119 nale\u017c\u0105 i jak rozwi\u0105za\u0107 wszelkie problemy, kt\u00f3re mo\u017cesz napotka\u0107 podczas sk\u0142adania wniosku.<\/p>\n\n\n\n<p>Bardzo wa\u017cne jest, aby\u015b otrzyma\u0142 \u015bwiadczenia i us\u0142ugi, do kt\u00f3rych jeste\u015b uprawniony, wtedy, gdy najbardziej ich potrzebujesz. Niezale\u017cnie od tego, czy jeste\u015b zatrudniony, bezrobotny, niepe\u0142nosprawny czy chory, jeste\u015b m\u0142od\u0105 osob\u0105, osob\u0105 starsz\u0105 czy rodzicem, pomagamy w aplikacjach o:<\/p>\n\n\n\n<ul class=\"wp-block-list\">\n<li>Universal Credit<\/li>\n\n\n\n<li>Child Benefit &#8211; zasi\u0142ek na dzieci<\/li>\n\n\n\n<li>Maternity\/Paternity Benefits &#8211; zasi\u0142ki macierzy\u0144skie<\/li>\n\n\n\n<li>PIP &#8211; renty dla niepe\u0142nosprawnych<\/li>\n\n\n\n<li>DLA &#8211; renty dla niepe\u0142nosprawnych dzieci<\/li>\n\n\n\n<li>AA &#8211; renty dla niepe\u0142nosprawnych emeryt\u00f3w<\/li>\n\n\n\n<li>Carer&#8217;s Allowance &#8211; zasi\u0142ek dla opiekun\u00f3w os\u00f3b niepe\u0142nosprawnych<\/li>\n\n\n\n<li>Housing Benefits &#8211; zasi\u0142ek mieszkaniowy<\/li>\n\n\n\n<li>DHP &#8211; dop\u0142aty do zasi\u0142k\u00f3w mieszkaniowych oraz depozyt\u00f3w<\/li>\n\n\n\n<li>State Pension &#8211; emerytury<\/li>\n\n\n\n<li>Pension Credits &#8211; dop\u0142aty do emerytur<\/li>\n\n\n\n<li>Council Tax Support &#8211; zni\u017cki do podatku do urz\u0119du miasta <\/li>\n\n\n\n<li>o wszelk\u0105 inn\u0105 dost\u0119pn\u0105 pomoc<\/li>\n<\/ul>\n\n\n\n<p>Nawet je\u015bli ubiegasz si\u0119 samodzielnie o \u015bwiadczenia socjalne, musisz wiedzie\u0107 do czego jeste\u015b uprawniony. Uzyskanie pomocy od kogo\u015b, kto ma do\u015bwiadczenie w tych sprawach, zrobi ogromn\u0105 r\u00f3\u017cnic\u0119\u00a0i uchroni Ci\u0119 przed trudno\u015bciami podczas sk\u0142adania aplikacji.<\/p>\n\n\n\n<p>S\u0105 chwile w naszym \u017cyciu, kiedy potrzebujemy z kim\u015b porozmawia\u0107, kogo\u015b, kto zrozumie i jest ch\u0119tny do pomocy bez os\u0105dzania. Potrzebujesz do\u015bwiadczonej osoby, kt\u00f3ra posiada wiedz\u0119 na temat pomocy jak\u0105 mo\u017cna uzyska\u0107 w rozwi\u0105zaniu problem\u00f3w, z kt\u00f3rymi borykasz si\u0119 Ty, cz\u0142onek rodziny, przyjaciel lub kto\u015b, kogo znasz.<\/p>\n\n\n\n<p>Je\u015bli Ty lub kto\u015b, kogo znasz, znajduje si\u0119 w takiej sytuacji, London Advice Centre jest w stanie zapewni\u0107 wsparcie, kt\u00f3rego potrzebujesz, aby pom\u00f3c w aplikacjach o zasi\u0142ek lub towarzyszy\u0107 Ci na spotkaniach do urz\u0119du pracy, urz\u0119du miasta czy lekarza rodzinnego. Uwa\u017camy, \u017ce nikt nie powinien by\u0107 pozostawiony samemu sobie, dlatego jeste\u015bmy tutaj, aby Ci\u0119 wspiera\u0107.<\/p>\n\n\n\n<p>Udzielimy Ci odpowiednich wskaz\u00f3wek, aby\u015b m\u00f3g\u0142 uzyska\u0107 to, do czego masz prawo. Jako osoba mieszkaj\u0105ca w Wielkiej Brytanii i maj\u0105ca sta\u0142y pobyt zwany statusem osiedle\u0144czym lub brytyjskie obywatelstwo, masz prawo do otrzymania pomocy finansowej. Gdy jeste\u015b bezrobotny z powodu utraty pracy lub choroby, gdy\u00a0szukasz nowej pracy lub Twoja pensja nie wystarcza na pokrycie Twoich rachunk\u00f3w, mo\u017cesz liczy\u0107 na London Advice Centre, kt\u00f3re pomo\u017ce Ci ustali\u0107 jakie \u015bwiadczenia socjalne Ci si\u0119 nale\u017c\u0105.<\/p>\n\n\n\n<p><strong>Nasze centrum pomo\u017ce Ci znale\u017a\u0107 dok\u0142adnie to, co Ci si\u0119 nale\u017cy!<\/strong>\u00a0<\/p>\n\n\n\n<p>London Advice Centre zatrudnia profesjonalnych doradc\u00f3w ds. \u015bwiadcze\u0144 socjalnych, kt\u00f3rzy oceni\u0105 i przeanalizuj\u0105 Twoj\u0105 sytuacj\u0119, aby udzieli\u0107 odpowiedniej pomocy. Poka\u017cemy Ci, jak prawid\u0142owo wype\u0142ni\u0107 formularze i wesprzemy Ci\u0119 przy sk\u0142adaniu wniosk\u00f3w o przyznanie \u015bwiadcze\u0144 socjalnych, do kt\u00f3rych masz prawo.<\/p>\n\n\n\n<p>Jeste\u015bmy tutaj, aby zaoferowa\u0107 profesjonalne wsparcie na ka\u017cdym etapie uzyskiwania pomocy oraz zapewni\u0107 porady i wskaz\u00f3wki dostosowane do Twojej konkretnej sytuacji.<\/p>\n\n\n\n<p>Od wype\u0142niania formularzy po towarzyszenie Ci na spotkaniach z Departamentem Pracy i Emerytur (DWP) lub lokalnym urz\u0119dem miasta, London Advice Centre przeprowadzi Ci\u0119 przez proces ubiegania si\u0119 o \u015bwiadczenia socjalne. Jeste\u015bmy tutaj, aby pom\u00f3c Ci w ka\u017cdej wizycie urz\u0119dowej lub komisji lekarskiej, aby\u015b nie musia\u0142 robi\u0107 tego sam.<\/p>\n\n\n\n<p>Przychodz\u0105c na spotkanie do London Advice Centre, prosimy o zabranie ze sob\u0105 nast\u0119puj\u0105cych dokument\u00f3w: <\/p>\n\n\n\n<ul class=\"wp-block-list\">\n<li>Paszport<\/li>\n\n\n\n<li>Numer ubezpieczenia spo\u0142ecznego \u2013 National Insurance Number<\/li>\n\n\n\n<li>Potwierdzenie adresu zamieszkania<\/li>\n\n\n\n<li>Szczeg\u00f3\u0142y dotycz\u0105ce wszystkich lub jakichkolwiek \u015bwiadcze\u0144 socjalnych, kt\u00f3re obecnie otrzymujesz<\/li>\n\n\n\n<li>Potwierdzenie wyp\u0142at lub za\u015bwiadcze\u0144 o dochodach z ostatnich 3 miesi\u0119cy<\/li>\n<\/ul>\n\n\n\n<p>Pomo\u017ce nam to oceni\u0107 Twoj\u0105 sytuacj\u0119 oraz wesprze\u0107 aplikacj\u0119 lub Twoje okre\u015blone wymagania.<\/p>\n\n\n\n<p><strong>Niedawno straci\u0142e\u015b prac\u0119 lub otrzyma\u0142e\u015b wypowiedzenie?<\/strong>\u00a0<\/p>\n\n\n\n<p>Czy ostatnio straci\u0142e\u015b prac\u0119? Dosta\u0142e\u015b wypowiedzenie? Je\u015bli nie jeste\u015b pewien, od czego i jak zacz\u0105\u0107 pom\u00f3c swojej sytuacji materialnej, London Advice Centre pomo\u017ce Ci i zaoferuje odpowiednie wsparcie.<\/p>\n\n\n\n<p>Czy jeste\u015b niezdolny do pracy z powodu choroby? Je\u015bli martwisz si\u0119 o brak dochodu, przyjd\u017a do London Advice Centre, a my udzielimy wskaz\u00f3wek i zapewnimy pomoc, kt\u00f3rej potrzebujesz w tej chwili.<\/p>\n\n\n\n<p><strong>Czy opiekujesz si\u0119 osob\u0105 niepe\u0142nosprawn\u0105?<\/strong><\/p>\n\n\n\n<p>Czy jest osoba niepe\u0142nosprawna mieszkaj\u0105ca z Tob\u0105 lub we w\u0142asnym mieszkaniu, kt\u00f3r\u0105 opiekujesz si\u0119 35 lub wi\u0119cej godzin tygodniowo? Czy ta osoba polega na Twoich dochodach? Czy jeste\u015b \u015bwiadomy jaka jest pomoc finansowa dla Ciebie i dla osoby, kt\u00f3r\u0105 si\u0119 opiekujesz?<\/p>\n\n\n\n<p>Czy pracujesz, maj\u0105c niepe\u0142nosprawne: jedno lub wi\u0119cej dzieci, \u017con\u0119\/m\u0119\u017ca, partnera cywilnego lub przyjaciela mieszkaj\u0105cego z Tob\u0105, kt\u00f3rym si\u0119 opiekujesz? Czy czujesz, \u017ce nie sta\u0107 Ci\u0119 ju\u017c na rachunki? Ty lub kto\u015b, kogo znasz, mo\u017ce potrzebowa\u0107 teraz pomocy finansowej. Zapraszamy do naszego biura lub kontaktu telefonicznego w celu um\u00f3wienia si\u0119 na wizyt\u0119. W London Advice Centre z przyjemno\u015bci\u0105 jeden z naszych doradc\u00f3w przeanalizuje Twoje problemy i pomo\u017ce znale\u017a\u0107 rozwi\u0105zanie.\u00a0<\/p>\n\n\n\n<p><strong>W czym London Advice Centre mo\u017ce Ci pom\u00f3c!<\/strong><\/p>\n\n\n\n<ul class=\"wp-block-list\">\n<li>\u015awiadczenia socjalne<\/li>\n\n\n\n<li>Aplikacje mieszkaniowe<\/li>\n\n\n\n<li>Aplikacje o prac\u0119<\/li>\n\n\n\n<li>Aplikacje o przedszkola\/szko\u0142y\/uniwersytety<\/li>\n\n\n\n<li>Wnioski dotycz\u0105ce dodatku mieszkaniowego<\/li>\n\n\n\n<li>Wype\u0142nianie formularzy i dokument\u00f3w zwi\u0105zanych z Twoimi aplikacjami<\/li>\n<\/ul>\n","protected":false},"excerpt":{"rendered":"<p>Pomoc finansowa mo\u017ce by\u0107 dla Ciebie dost\u0119pna w zale\u017cno\u015bci od okoliczno\u015bci. Dowiedz si\u0119, jakie \u015bwiadczenia socjalne Ci si\u0119 nale\u017c\u0105 i jak rozwi\u0105za\u0107 wszelkie problemy, kt\u00f3re mo\u017cesz napotka\u0107 podczas sk\u0142adania wniosku. Bardzo wa\u017cne jest, aby\u015b otrzyma\u0142 \u015bwiadczenia i us\u0142ugi, do kt\u00f3rych jeste\u015b uprawniony, wtedy, gdy najbardziej ich potrzebujesz. Niezale\u017cnie od tego, czy jeste\u015b zatrudniony, bezrobotny, niepe\u0142nosprawny&#8230;<\/p>\n<p class=\"more-link-wrap\"><a href=\"https:\/\/londonadvicecentre.org\/pl\/zasilki-emerytury-renty-chorobowe\/\" class=\"more-link\">Read More<span class=\"screen-reader-text\"> &ldquo;Zasi\u0142ki, Emerytury oraz Renty Chorobowe&rdquo;<\/span> &raquo;<\/a><\/p>\n","protected":false},"author":1,"featured_media":0,"parent":0,"menu_order":0,"comment_status":"closed","ping_status":"closed","template":"","meta":{"footnotes":""},"class_list":["post-44","page","type-page","status-publish","hentry"],"yoast_head":"<!-- This site is optimized with the Yoast SEO plugin v27.5 - https:\/\/yoast.com\/product\/yoast-seo-wordpress\/ -->\n<title>Zasi\u0142ki, Emerytury oraz Renty Chorobowe - London Advice Centre PL<\/title>\n<meta name=\"robots\" content=\"index, follow, max-snippet:-1, max-image-preview:large, max-video-preview:-1\" \/>\n<link rel=\"canonical\" href=\"https:\/\/londonadvicecentre.org\/pl\/zasilki-emerytury-renty-chorobowe\/\" \/>\n<meta property=\"og:locale\" content=\"pl_PL\" \/>\n<meta property=\"og:type\" content=\"article\" \/>\n<meta property=\"og:title\" content=\"Zasi\u0142ki, Emerytury oraz Renty Chorobowe - London Advice Centre PL\" \/>\n<meta property=\"og:description\" content=\"Pomoc finansowa mo\u017ce by\u0107 dla Ciebie dost\u0119pna w zale\u017cno\u015bci od okoliczno\u015bci. Dowiedz si\u0119, jakie \u015bwiadczenia socjalne Ci si\u0119 nale\u017c\u0105 i jak rozwi\u0105za\u0107 wszelkie problemy, kt\u00f3re mo\u017cesz napotka\u0107 podczas sk\u0142adania wniosku. Bardzo wa\u017cne jest, aby\u015b otrzyma\u0142 \u015bwiadczenia i us\u0142ugi, do kt\u00f3rych jeste\u015b uprawniony, wtedy, gdy najbardziej ich potrzebujesz. Niezale\u017cnie od tego, czy jeste\u015b zatrudniony, bezrobotny, niepe\u0142nosprawny...Read More &ldquo;Zasi\u0142ki, Emerytury oraz Renty Chorobowe&rdquo; &raquo;\" \/>\n<meta property=\"og:url\" content=\"https:\/\/londonadvicecentre.org\/pl\/zasilki-emerytury-renty-chorobowe\/\" \/>\n<meta property=\"og:site_name\" content=\"London Advice Centre PL\" \/>\n<meta property=\"article:publisher\" content=\"https:\/\/www.facebook.com\/profile.php?id=100072157610607\" \/>\n<meta property=\"article:modified_time\" content=\"2023-01-19T13:45:19+00:00\" \/>\n<meta name=\"twitter:card\" content=\"summary_large_image\" \/>\n<meta name=\"twitter:label1\" content=\"Szacowany czas czytania\" \/>\n\t<meta name=\"twitter:data1\" content=\"5 minut\" \/>\n<script type=\"application\/ld+json\" class=\"yoast-schema-graph\">{\"@context\":\"https:\\\/\\\/schema.org\",\"@graph\":[{\"@type\":\"WebPage\",\"@id\":\"https:\\\/\\\/londonadvicecentre.org\\\/pl\\\/zasilki-emerytury-renty-chorobowe\\\/\",\"url\":\"https:\\\/\\\/londonadvicecentre.org\\\/pl\\\/zasilki-emerytury-renty-chorobowe\\\/\",\"name\":\"Zasi\u0142ki, Emerytury oraz Renty Chorobowe - London Advice Centre PL\",\"isPartOf\":{\"@id\":\"https:\\\/\\\/londonadvicecentre.org\\\/pl\\\/#website\"},\"datePublished\":\"2021-07-13T11:13:32+00:00\",\"dateModified\":\"2023-01-19T13:45:19+00:00\",\"breadcrumb\":{\"@id\":\"https:\\\/\\\/londonadvicecentre.org\\\/pl\\\/zasilki-emerytury-renty-chorobowe\\\/#breadcrumb\"},\"inLanguage\":\"pl-PL\",\"potentialAction\":[{\"@type\":\"ReadAction\",\"target\":[\"https:\\\/\\\/londonadvicecentre.org\\\/pl\\\/zasilki-emerytury-renty-chorobowe\\\/\"]}]},{\"@type\":\"BreadcrumbList\",\"@id\":\"https:\\\/\\\/londonadvicecentre.org\\\/pl\\\/zasilki-emerytury-renty-chorobowe\\\/#breadcrumb\",\"itemListElement\":[{\"@type\":\"ListItem\",\"position\":1,\"name\":\"Home\",\"item\":\"https:\\\/\\\/londonadvicecentre.org\\\/pl\\\/\"},{\"@type\":\"ListItem\",\"position\":2,\"name\":\"Zasi\u0142ki, Emerytury oraz Renty Chorobowe\"}]},{\"@type\":\"WebSite\",\"@id\":\"https:\\\/\\\/londonadvicecentre.org\\\/pl\\\/#website\",\"url\":\"https:\\\/\\\/londonadvicecentre.org\\\/pl\\\/\",\"name\":\"London Advice Centre PL\",\"description\":\"\",\"publisher\":{\"@id\":\"https:\\\/\\\/londonadvicecentre.org\\\/pl\\\/#organization\"},\"potentialAction\":[{\"@type\":\"SearchAction\",\"target\":{\"@type\":\"EntryPoint\",\"urlTemplate\":\"https:\\\/\\\/londonadvicecentre.org\\\/pl\\\/?s={search_term_string}\"},\"query-input\":{\"@type\":\"PropertyValueSpecification\",\"valueRequired\":true,\"valueName\":\"search_term_string\"}}],\"inLanguage\":\"pl-PL\"},{\"@type\":\"Organization\",\"@id\":\"https:\\\/\\\/londonadvicecentre.org\\\/pl\\\/#organization\",\"name\":\"London Advice Centre PL\",\"url\":\"https:\\\/\\\/londonadvicecentre.org\\\/pl\\\/\",\"logo\":{\"@type\":\"ImageObject\",\"inLanguage\":\"pl-PL\",\"@id\":\"https:\\\/\\\/londonadvicecentre.org\\\/pl\\\/#\\\/schema\\\/logo\\\/image\\\/\",\"url\":\"https:\\\/\\\/londonadvicecentre.org\\\/pl\\\/wp-content\\\/uploads\\\/sites\\\/2\\\/2022\\\/01\\\/london-advice-centre-logo-v1.png\",\"contentUrl\":\"https:\\\/\\\/londonadvicecentre.org\\\/pl\\\/wp-content\\\/uploads\\\/sites\\\/2\\\/2022\\\/01\\\/london-advice-centre-logo-v1.png\",\"width\":1024,\"height\":459,\"caption\":\"London Advice Centre PL\"},\"image\":{\"@id\":\"https:\\\/\\\/londonadvicecentre.org\\\/pl\\\/#\\\/schema\\\/logo\\\/image\\\/\"},\"sameAs\":[\"https:\\\/\\\/www.facebook.com\\\/profile.php?id=100072157610607\"]}]}<\/script>\n<!-- \/ Yoast SEO plugin. -->","yoast_head_json":{"title":"Zasi\u0142ki, Emerytury oraz Renty Chorobowe - London Advice Centre PL","robots":{"index":"index","follow":"follow","max-snippet":"max-snippet:-1","max-image-preview":"max-image-preview:large","max-video-preview":"max-video-preview:-1"},"canonical":"https:\/\/londonadvicecentre.org\/pl\/zasilki-emerytury-renty-chorobowe\/","og_locale":"pl_PL","og_type":"article","og_title":"Zasi\u0142ki, Emerytury oraz Renty Chorobowe - London Advice Centre PL","og_description":"Pomoc finansowa mo\u017ce by\u0107 dla Ciebie dost\u0119pna w zale\u017cno\u015bci od okoliczno\u015bci. Dowiedz si\u0119, jakie \u015bwiadczenia socjalne Ci si\u0119 nale\u017c\u0105 i jak rozwi\u0105za\u0107 wszelkie problemy, kt\u00f3re mo\u017cesz napotka\u0107 podczas sk\u0142adania wniosku. Bardzo wa\u017cne jest, aby\u015b otrzyma\u0142 \u015bwiadczenia i us\u0142ugi, do kt\u00f3rych jeste\u015b uprawniony, wtedy, gdy najbardziej ich potrzebujesz. Niezale\u017cnie od tego, czy jeste\u015b zatrudniony, bezrobotny, niepe\u0142nosprawny...Read More &ldquo;Zasi\u0142ki, Emerytury oraz Renty Chorobowe&rdquo; &raquo;","og_url":"https:\/\/londonadvicecentre.org\/pl\/zasilki-emerytury-renty-chorobowe\/","og_site_name":"London Advice Centre PL","article_publisher":"https:\/\/www.facebook.com\/profile.php?id=100072157610607","article_modified_time":"2023-01-19T13:45:19+00:00","twitter_card":"summary_large_image","twitter_misc":{"Szacowany czas czytania":"5 minut"},"schema":{"@context":"https:\/\/schema.org","@graph":[{"@type":"WebPage","@id":"https:\/\/londonadvicecentre.org\/pl\/zasilki-emerytury-renty-chorobowe\/","url":"https:\/\/londonadvicecentre.org\/pl\/zasilki-emerytury-renty-chorobowe\/","name":"Zasi\u0142ki, Emerytury oraz Renty Chorobowe - London Advice Centre PL","isPartOf":{"@id":"https:\/\/londonadvicecentre.org\/pl\/#website"},"datePublished":"2021-07-13T11:13:32+00:00","dateModified":"2023-01-19T13:45:19+00:00","breadcrumb":{"@id":"https:\/\/londonadvicecentre.org\/pl\/zasilki-emerytury-renty-chorobowe\/#breadcrumb"},"inLanguage":"pl-PL","potentialAction":[{"@type":"ReadAction","target":["https:\/\/londonadvicecentre.org\/pl\/zasilki-emerytury-renty-chorobowe\/"]}]},{"@type":"BreadcrumbList","@id":"https:\/\/londonadvicecentre.org\/pl\/zasilki-emerytury-renty-chorobowe\/#breadcrumb","itemListElement":[{"@type":"ListItem","position":1,"name":"Home","item":"https:\/\/londonadvicecentre.org\/pl\/"},{"@type":"ListItem","position":2,"name":"Zasi\u0142ki, Emerytury oraz Renty Chorobowe"}]},{"@type":"WebSite","@id":"https:\/\/londonadvicecentre.org\/pl\/#website","url":"https:\/\/londonadvicecentre.org\/pl\/","name":"London Advice Centre PL","description":"","publisher":{"@id":"https:\/\/londonadvicecentre.org\/pl\/#organization"},"potentialAction":[{"@type":"SearchAction","target":{"@type":"EntryPoint","urlTemplate":"https:\/\/londonadvicecentre.org\/pl\/?s={search_term_string}"},"query-input":{"@type":"PropertyValueSpecification","valueRequired":true,"valueName":"search_term_string"}}],"inLanguage":"pl-PL"},{"@type":"Organization","@id":"https:\/\/londonadvicecentre.org\/pl\/#organization","name":"London Advice Centre PL","url":"https:\/\/londonadvicecentre.org\/pl\/","logo":{"@type":"ImageObject","inLanguage":"pl-PL","@id":"https:\/\/londonadvicecentre.org\/pl\/#\/schema\/logo\/image\/","url":"https:\/\/londonadvicecentre.org\/pl\/wp-content\/uploads\/sites\/2\/2022\/01\/london-advice-centre-logo-v1.png","contentUrl":"https:\/\/londonadvicecentre.org\/pl\/wp-content\/uploads\/sites\/2\/2022\/01\/london-advice-centre-logo-v1.png","width":1024,"height":459,"caption":"London Advice Centre PL"},"image":{"@id":"https:\/\/londonadvicecentre.org\/pl\/#\/schema\/logo\/image\/"},"sameAs":["https:\/\/www.facebook.com\/profile.php?id=100072157610607"]}]}},"_links":{"self":[{"href":"https:\/\/londonadvicecentre.org\/pl\/wp-json\/wp\/v2\/pages\/44","targetHints":{"allow":["GET"]}}],"collection":[{"href":"https:\/\/londonadvicecentre.org\/pl\/wp-json\/wp\/v2\/pages"}],"about":[{"href":"https:\/\/londonadvicecentre.org\/pl\/wp-json\/wp\/v2\/types\/page"}],"author":[{"embeddable":true,"href":"https:\/\/londonadvicecentre.org\/pl\/wp-json\/wp\/v2\/users\/1"}],"replies":[{"embeddable":true,"href":"https:\/\/londonadvicecentre.org\/pl\/wp-json\/wp\/v2\/comments?post=44"}],"version-history":[{"count":19,"href":"https:\/\/londonadvicecentre.org\/pl\/wp-json\/wp\/v2\/pages\/44\/revisions"}],"predecessor-version":[{"id":677,"href":"https:\/\/londonadvicecentre.org\/pl\/wp-json\/wp\/v2\/pages\/44\/revisions\/677"}],"wp:attachment":[{"href":"https:\/\/londonadvicecentre.org\/pl\/wp-json\/wp\/v2\/media?parent=44"}],"curies":[{"name":"wp","href":"https:\/\/api.w.org\/{rel}","templated":true}]}}