{"id":448,"date":"2021-07-12T14:30:46","date_gmt":"2021-07-12T13:30:46","guid":{"rendered":"https:\/\/londonadvicecentre.org\/?page_id=2"},"modified":"2023-01-19T13:11:53","modified_gmt":"2023-01-19T13:11:53","slug":"london-advice-centre","status":"publish","type":"page","link":"https:\/\/londonadvicecentre.org\/pl\/","title":{"rendered":"Strona g\u0142\u00f3wna"},"content":{"rendered":"\n<h2 class=\"wp-block-heading\"><strong>London Advice Centre<\/strong>: pomo\u017cemy znale\u017a\u0107 Tobie dok\u0142adnie to, do czego masz prawo!<\/h2>\n\n\n<div class=\"wp-block-image\">\n<figure class=\"aligncenter size-full is-resized\"><img fetchpriority=\"high\" decoding=\"async\" src=\"https:\/\/londonadvicecentre.org\/pl\/wp-content\/uploads\/sites\/2\/2022\/01\/london-advice-centre-logo-v1.png\" alt=\"London Advice Centre\" class=\"wp-image-422\" width=\"635\" height=\"284\" srcset=\"https:\/\/londonadvicecentre.org\/pl\/wp-content\/uploads\/sites\/2\/2022\/01\/london-advice-centre-logo-v1.png 1024w, https:\/\/londonadvicecentre.org\/pl\/wp-content\/uploads\/sites\/2\/2022\/01\/london-advice-centre-logo-v1-300x134.png 300w, https:\/\/londonadvicecentre.org\/pl\/wp-content\/uploads\/sites\/2\/2022\/01\/london-advice-centre-logo-v1-768x344.png 768w\" sizes=\"(max-width: 635px) 100vw, 635px\" \/><\/figure>\n<\/div>\n\n\n<h4 class=\"wp-block-heading\"><strong>Kim jeste\u015bmy?<\/strong><\/h4>\n\n\n\n<p class=\"has-text-align-left\">Nazywamy si\u0119 London Advice Centre i jeste\u015bmy organizacj\u0105 non profit. Posiadamy profesjonalnych&nbsp;<strong>konsultant\u00f3w ds. \u015bwiadcze\u0144 socjalnych<\/strong>, kt\u00f3rzy oceni\u0105 Twoj\u0105 sytuacj\u0119 i zaoferuj\u0105 wskaz\u00f3wki dotycz\u0105ce pe\u0142nego procesu sk\u0142adania wniosk\u00f3w oraz wype\u0142nieniu prawid\u0142owych formularzy pomocy finansowej, do kt\u00f3rej jeste\u015b uprawniony.<\/p>\n\n\n\n<p>Oferujemy profesjonalne wsparcie na ka\u017cdym etapie osobom indywidualnym, skierowanym z polecenia innych organizacji, poradniom w szpitalach, w przychodniach lekarskich oraz innym organizacjom. Nasze wskaz\u00f3wki i konsultacje zawsze dostosowane s\u0105 do Twoich potrzeb.<\/p>\n\n\n\n<p>London Advice Centre \u015bwiadczy us\u0142ugi innym o\u015brodkom doradczym, kt\u00f3rym brakuje personelu, na obszarach Londynu oraz innym organizacjom i osobom fizycznym.<\/p>\n\n\n\n<h4 class=\"wp-block-heading\"><strong>Dlaczego warto wybra\u0107 London Advice Centre<\/strong><\/h4>\n\n\n\n<p>Poniewa\u017c zale\u017cy nam na Tobie oraz Twoich prawach.&nbsp;Wierzymy w nasz\u0105 lokaln\u0105 spo\u0142eczno\u015b\u0107<br>i staramy si\u0119 pom\u00f3c ludziom, kt\u00f3rzy j\u0105 tworz\u0105c\u0105.&nbsp;Przychodz\u0105c do nas, dbamy o to, \u017ceby\u015b by\u0142 usatysfakcjonowany, otrzyma\u0142 najlepsz\u0105 obs\u0142ug\u0119 i osi\u0105gn\u0105\u0142 sw\u00f3j cel w ka\u017cdym przypadku.<\/p>\n\n\n\n<p><strong>Przychodz\u0105c do London Advice Centre, prosimy o zabranie ze sob\u0105 nast\u0119puj\u0105cych dokument\u00f3w:<\/strong><\/p>\n\n\n\n<ul class=\"wp-block-list\">\n<li>Paszport<\/li>\n\n\n\n<li>Numer ubezpieczenia spo\u0142ecznego &#8211; National Insurance Number<\/li>\n\n\n\n<li>Potwierdzenie adresu zamieszkania<\/li>\n\n\n\n<li>Szczeg\u00f3\u0142y dotycz\u0105ce wszystkich lub jakichkolwiek \u015bwiadcze\u0144 socjalnych, kt\u00f3re obecnie otrzymujesz<\/li>\n\n\n\n<li>Potwierdzenie wyp\u0142at lub za\u015bwiadcze\u0144 o dochodach z ostatnich 3 miesi\u0119cy<\/li>\n<\/ul>\n\n\n\n<p><strong>B\u0119d\u0105 one niezb\u0119dne do z\u0142o\u017cenia Twojej aplikacji, oszacowaniu Twojej obecnej sytuacji oraz praw Tobie przys\u0142uguj\u0105cych<\/strong>.<\/p>\n\n\n\n<p>Uwaga: nigdy nie przechowujemy oryginalnych dokument\u00f3w i nie ponosimy odpowiedzialno\u015bci, je\u015bli zgubisz swoje dokumenty.<\/p>\n\n\n\n<h4 class=\"wp-block-heading\"><strong>Co mo\u017cemy dla ciebie zrobi\u0107?&nbsp;Pomo\u017cemy Tobie z\u0142o\u017cy\u0107 wniosek w sprawie:<\/strong><\/h4>\n\n\n\n<ul class=\"wp-block-list\">\n<li>\u015awiadcze\u0144 socjalnych<\/li>\n\n\n\n<li>\u015awiadcze\u0144 dla niepe\u0142nosprawnych<\/li>\n\n\n\n<li>Universal Credit<\/li>\n\n\n\n<li>Zapomogi na dziecko<\/li>\n\n\n\n<li>Dop\u0142at do czynszu<\/li>\n\n\n\n<li>Mieszkania socjalnego<\/li>\n\n\n\n<li>Przedszkoli, szk\u00f3\u0142 i uniwersytet\u00f3w<\/li>\n\n\n\n<li>Emerytur<\/li>\n<\/ul>\n\n\n\n<p>Wype\u0142nianiamy formularze zawsze zgodnie z Twoimi instrukcjami oraz wskaz\u00f3wkami.<\/p>\n\n\n\n<h4 class=\"wp-block-heading\"><strong>Komu pomagamy?<\/strong><\/h4>\n\n\n\n<ul class=\"wp-block-list\">\n<li>Osobom niepe\u0142nosprawnym oraz ich opiekunom<\/li>\n\n\n\n<li>Osobom z problemami zdrowotnymi<\/li>\n\n\n\n<li>Pracownikom z niskimi dochodami<\/li>\n\n\n\n<li>Bezrobotnym<\/li>\n\n\n\n<li>Emerytom<\/li>\n<\/ul>\n\n\n\n<h4 class=\"wp-block-heading\"><strong>Polityka firmy<\/strong><\/h4>\n\n\n\n<p>W London Advice Centre zapewniamy r\u00f3wne traktowanie wszystkich naszych klient\u00f3w.&nbsp;<br>W pe\u0142ni przestrzegamy brytyjskich przepis\u00f3w antydyskryminacyjnych i ustawy o r\u00f3wno\u015bci z 2010 r., kt\u00f3ra promuje sprawiedliwe traktowanie wszystkich pracownik\u00f3w naszej organizacji, naszych klient\u00f3w oraz wszystkich innych u\u017cytkownik\u00f3 naszych us\u0142ug.&nbsp;Ponadto kliknij&nbsp;<a href=\"https:\/\/londonadvicecentre.org\/pl\/polityka-prywatnosci\" target=\"_blank\" rel=\"noreferrer noopener\">tutaj,<\/a>&nbsp;aby zapozna\u0107 si\u0119 z nasz\u0105 Polityk\u0105 prywatno\u015bci.<\/p>\n\n\n\n<h4 class=\"wp-block-heading\"><strong>Op\u0142aty<\/strong><\/h4>\n\n\n\n<p>Ze wzgl\u0119du na brak dofinansowania pobieramy op\u0142at\u0119 administracyjn\u0105 w wysoko\u015bci 50 GBP za ka\u017cd\u0105 spraw\u0119, kt\u00f3ra w \u017cadnych okoliczno\u015bciach nie podlega zwrotowi.<\/p>\n\n\n\n<p>Potrzebujemy dofinansowania i dlatego nie zamierzamy pobiera\u0107 op\u0142at od naszych klient\u00f3w w przysz\u0142o\u015bci.&nbsp;Na razie nie zabezpieczyli\u015bmy \u017cadnych \u015brodk\u00f3w finansowych, dlatego opr\u00f3cz op\u0142aty administracyjnej mo\u017cemy by\u0107 zmuszeni do naliczenia dodatkowych op\u0142at naszym klientom w zale\u017cno\u015bci od stopnia skomplikowania sprawy i ilo\u015bci spraw.&nbsp;Je\u015bli klient zostanie polecony przez organizacj\u0119, kt\u00f3ra jest sk\u0142onna pokry\u0107 koszty us\u0142ugi, obci\u0105\u017cymy wtedy bezpo\u015brednio organizacj\u0119, a nie klienta, kt\u00f3ra go skierowa\u0142a.<\/p>\n\n\n<div class=\"wp-block-image\">\n<figure class=\"aligncenter size-large is-resized\"><img decoding=\"async\" src=\"https:\/\/londonadvicecentre.org\/pl\/wp-content\/uploads\/sites\/2\/2021\/09\/3logos_v2-1024x238.png\" alt=\"\" class=\"wp-image-406\" width=\"408\" height=\"95\" srcset=\"https:\/\/londonadvicecentre.org\/pl\/wp-content\/uploads\/sites\/2\/2021\/09\/3logos_v2-1024x238.png 1024w, https:\/\/londonadvicecentre.org\/pl\/wp-content\/uploads\/sites\/2\/2021\/09\/3logos_v2-300x70.png 300w, https:\/\/londonadvicecentre.org\/pl\/wp-content\/uploads\/sites\/2\/2021\/09\/3logos_v2-768x179.png 768w, https:\/\/londonadvicecentre.org\/pl\/wp-content\/uploads\/sites\/2\/2021\/09\/3logos_v2-1536x358.png 1536w, https:\/\/londonadvicecentre.org\/pl\/wp-content\/uploads\/sites\/2\/2021\/09\/3logos_v2.png 1718w\" sizes=\"(max-width: 408px) 100vw, 408px\" \/><\/figure>\n<\/div>","protected":false},"excerpt":{"rendered":"<p>London Advice Centre: pomo\u017cemy znale\u017a\u0107 Tobie dok\u0142adnie to, do czego masz prawo! Kim jeste\u015bmy? Nazywamy si\u0119 London Advice Centre i jeste\u015bmy organizacj\u0105 non profit. Posiadamy profesjonalnych&nbsp;konsultant\u00f3w ds. \u015bwiadcze\u0144 socjalnych, kt\u00f3rzy oceni\u0105 Twoj\u0105 sytuacj\u0119 i zaoferuj\u0105 wskaz\u00f3wki dotycz\u0105ce pe\u0142nego procesu sk\u0142adania wniosk\u00f3w oraz wype\u0142nieniu prawid\u0142owych formularzy pomocy finansowej, do kt\u00f3rej jeste\u015b uprawniony. Oferujemy profesjonalne wsparcie na&#8230;<\/p>\n<p class=\"more-link-wrap\"><a href=\"https:\/\/londonadvicecentre.org\/pl\/\" class=\"more-link\">Read More<span class=\"screen-reader-text\"> &ldquo;Strona g\u0142\u00f3wna&rdquo;<\/span> &raquo;<\/a><\/p>\n","protected":false},"author":1,"featured_media":0,"parent":0,"menu_order":0,"comment_status":"closed","ping_status":"closed","template":"","meta":{"footnotes":""},"class_list":["post-448","page","type-page","status-publish","hentry"],"yoast_head":"<!-- This site is optimized with the Yoast SEO plugin v27.5 - https:\/\/yoast.com\/product\/yoast-seo-wordpress\/ -->\n<title>London Advice Centre PL<\/title>\n<meta name=\"description\" content=\"London Advice Centre - Niezale\u017cna poradnia oferuj\u0105ca konsultacje i pomoc. Posiadamy profesjonalnych doradc\u00f3w ds. \u015bwiadcze\u0144 socjalnych.\" \/>\n<meta name=\"robots\" content=\"index, follow, max-snippet:-1, max-image-preview:large, max-video-preview:-1\" \/>\n<link rel=\"canonical\" href=\"https:\/\/londonadvicecentre.org\/pl\/\" \/>\n<meta property=\"og:locale\" content=\"pl_PL\" \/>\n<meta property=\"og:type\" content=\"article\" \/>\n<meta property=\"og:title\" content=\"London Advice Centre PL\" \/>\n<meta property=\"og:description\" content=\"London Advice Centre - Niezale\u017cna poradnia oferuj\u0105ca konsultacje i pomoc. Posiadamy profesjonalnych doradc\u00f3w ds. \u015bwiadcze\u0144 socjalnych.\" \/>\n<meta property=\"og:url\" content=\"https:\/\/londonadvicecentre.org\/pl\/\" \/>\n<meta property=\"og:site_name\" content=\"London Advice Centre PL\" \/>\n<meta property=\"article:publisher\" content=\"https:\/\/www.facebook.com\/profile.php?id=100072157610607\" \/>\n<meta property=\"article:modified_time\" content=\"2023-01-19T13:11:53+00:00\" \/>\n<meta property=\"og:image\" content=\"https:\/\/londonadvicecentre.org\/pl\/wp-content\/uploads\/sites\/2\/2022\/01\/london-advice-centre-logo-v1.png\" \/>\n<meta name=\"twitter:card\" content=\"summary_large_image\" \/>\n<meta name=\"twitter:label1\" content=\"Szacowany czas czytania\" \/>\n\t<meta name=\"twitter:data1\" content=\"3 minuty\" \/>\n<script type=\"application\/ld+json\" class=\"yoast-schema-graph\">{\"@context\":\"https:\\\/\\\/schema.org\",\"@graph\":[{\"@type\":\"WebPage\",\"@id\":\"https:\\\/\\\/londonadvicecentre.org\\\/pl\\\/\",\"url\":\"https:\\\/\\\/londonadvicecentre.org\\\/pl\\\/\",\"name\":\"London Advice Centre PL\",\"isPartOf\":{\"@id\":\"https:\\\/\\\/londonadvicecentre.org\\\/pl\\\/#website\"},\"primaryImageOfPage\":{\"@id\":\"https:\\\/\\\/londonadvicecentre.org\\\/pl\\\/#primaryimage\"},\"image\":{\"@id\":\"https:\\\/\\\/londonadvicecentre.org\\\/pl\\\/#primaryimage\"},\"thumbnailUrl\":\"https:\\\/\\\/londonadvicecentre.org\\\/pl\\\/wp-content\\\/uploads\\\/sites\\\/2\\\/2022\\\/01\\\/london-advice-centre-logo-v1.png\",\"datePublished\":\"2021-07-12T13:30:46+00:00\",\"dateModified\":\"2023-01-19T13:11:53+00:00\",\"description\":\"London Advice Centre - Niezale\u017cna poradnia oferuj\u0105ca konsultacje i pomoc. Posiadamy profesjonalnych doradc\u00f3w ds. \u015bwiadcze\u0144 socjalnych.\",\"breadcrumb\":{\"@id\":\"https:\\\/\\\/londonadvicecentre.org\\\/pl\\\/#breadcrumb\"},\"inLanguage\":\"pl-PL\",\"potentialAction\":[{\"@type\":\"ReadAction\",\"target\":[\"https:\\\/\\\/londonadvicecentre.org\\\/pl\\\/\"]}]},{\"@type\":\"ImageObject\",\"inLanguage\":\"pl-PL\",\"@id\":\"https:\\\/\\\/londonadvicecentre.org\\\/pl\\\/#primaryimage\",\"url\":\"https:\\\/\\\/londonadvicecentre.org\\\/pl\\\/wp-content\\\/uploads\\\/sites\\\/2\\\/2022\\\/01\\\/london-advice-centre-logo-v1.png\",\"contentUrl\":\"https:\\\/\\\/londonadvicecentre.org\\\/pl\\\/wp-content\\\/uploads\\\/sites\\\/2\\\/2022\\\/01\\\/london-advice-centre-logo-v1.png\",\"width\":1024,\"height\":459,\"caption\":\"London Advice Centre - Logo\"},{\"@type\":\"BreadcrumbList\",\"@id\":\"https:\\\/\\\/londonadvicecentre.org\\\/pl\\\/#breadcrumb\",\"itemListElement\":[{\"@type\":\"ListItem\",\"position\":1,\"name\":\"Home\",\"item\":\"https:\\\/\\\/londonadvicecentre.org\\\/pl\\\/\"},{\"@type\":\"ListItem\",\"position\":2,\"name\":\"Strona g\u0142\u00f3wna\"}]},{\"@type\":\"WebSite\",\"@id\":\"https:\\\/\\\/londonadvicecentre.org\\\/pl\\\/#website\",\"url\":\"https:\\\/\\\/londonadvicecentre.org\\\/pl\\\/\",\"name\":\"London Advice Centre PL\",\"description\":\"\",\"publisher\":{\"@id\":\"https:\\\/\\\/londonadvicecentre.org\\\/pl\\\/#organization\"},\"potentialAction\":[{\"@type\":\"SearchAction\",\"target\":{\"@type\":\"EntryPoint\",\"urlTemplate\":\"https:\\\/\\\/londonadvicecentre.org\\\/pl\\\/?s={search_term_string}\"},\"query-input\":{\"@type\":\"PropertyValueSpecification\",\"valueRequired\":true,\"valueName\":\"search_term_string\"}}],\"inLanguage\":\"pl-PL\"},{\"@type\":\"Organization\",\"@id\":\"https:\\\/\\\/londonadvicecentre.org\\\/pl\\\/#organization\",\"name\":\"London Advice Centre PL\",\"url\":\"https:\\\/\\\/londonadvicecentre.org\\\/pl\\\/\",\"logo\":{\"@type\":\"ImageObject\",\"inLanguage\":\"pl-PL\",\"@id\":\"https:\\\/\\\/londonadvicecentre.org\\\/pl\\\/#\\\/schema\\\/logo\\\/image\\\/\",\"url\":\"https:\\\/\\\/londonadvicecentre.org\\\/pl\\\/wp-content\\\/uploads\\\/sites\\\/2\\\/2022\\\/01\\\/london-advice-centre-logo-v1.png\",\"contentUrl\":\"https:\\\/\\\/londonadvicecentre.org\\\/pl\\\/wp-content\\\/uploads\\\/sites\\\/2\\\/2022\\\/01\\\/london-advice-centre-logo-v1.png\",\"width\":1024,\"height\":459,\"caption\":\"London Advice Centre PL\"},\"image\":{\"@id\":\"https:\\\/\\\/londonadvicecentre.org\\\/pl\\\/#\\\/schema\\\/logo\\\/image\\\/\"},\"sameAs\":[\"https:\\\/\\\/www.facebook.com\\\/profile.php?id=100072157610607\"]}]}<\/script>\n<!-- \/ Yoast SEO plugin. -->","yoast_head_json":{"title":"London Advice Centre PL","description":"London Advice Centre - Niezale\u017cna poradnia oferuj\u0105ca konsultacje i pomoc. Posiadamy profesjonalnych doradc\u00f3w ds. \u015bwiadcze\u0144 socjalnych.","robots":{"index":"index","follow":"follow","max-snippet":"max-snippet:-1","max-image-preview":"max-image-preview:large","max-video-preview":"max-video-preview:-1"},"canonical":"https:\/\/londonadvicecentre.org\/pl\/","og_locale":"pl_PL","og_type":"article","og_title":"London Advice Centre PL","og_description":"London Advice Centre - Niezale\u017cna poradnia oferuj\u0105ca konsultacje i pomoc. Posiadamy profesjonalnych doradc\u00f3w ds. \u015bwiadcze\u0144 socjalnych.","og_url":"https:\/\/londonadvicecentre.org\/pl\/","og_site_name":"London Advice Centre PL","article_publisher":"https:\/\/www.facebook.com\/profile.php?id=100072157610607","article_modified_time":"2023-01-19T13:11:53+00:00","og_image":[{"url":"https:\/\/londonadvicecentre.org\/pl\/wp-content\/uploads\/sites\/2\/2022\/01\/london-advice-centre-logo-v1.png","type":"","width":"","height":""}],"twitter_card":"summary_large_image","twitter_misc":{"Szacowany czas czytania":"3 minuty"},"schema":{"@context":"https:\/\/schema.org","@graph":[{"@type":"WebPage","@id":"https:\/\/londonadvicecentre.org\/pl\/","url":"https:\/\/londonadvicecentre.org\/pl\/","name":"London Advice Centre PL","isPartOf":{"@id":"https:\/\/londonadvicecentre.org\/pl\/#website"},"primaryImageOfPage":{"@id":"https:\/\/londonadvicecentre.org\/pl\/#primaryimage"},"image":{"@id":"https:\/\/londonadvicecentre.org\/pl\/#primaryimage"},"thumbnailUrl":"https:\/\/londonadvicecentre.org\/pl\/wp-content\/uploads\/sites\/2\/2022\/01\/london-advice-centre-logo-v1.png","datePublished":"2021-07-12T13:30:46+00:00","dateModified":"2023-01-19T13:11:53+00:00","description":"London Advice Centre - Niezale\u017cna poradnia oferuj\u0105ca konsultacje i pomoc. Posiadamy profesjonalnych doradc\u00f3w ds. \u015bwiadcze\u0144 socjalnych.","breadcrumb":{"@id":"https:\/\/londonadvicecentre.org\/pl\/#breadcrumb"},"inLanguage":"pl-PL","potentialAction":[{"@type":"ReadAction","target":["https:\/\/londonadvicecentre.org\/pl\/"]}]},{"@type":"ImageObject","inLanguage":"pl-PL","@id":"https:\/\/londonadvicecentre.org\/pl\/#primaryimage","url":"https:\/\/londonadvicecentre.org\/pl\/wp-content\/uploads\/sites\/2\/2022\/01\/london-advice-centre-logo-v1.png","contentUrl":"https:\/\/londonadvicecentre.org\/pl\/wp-content\/uploads\/sites\/2\/2022\/01\/london-advice-centre-logo-v1.png","width":1024,"height":459,"caption":"London Advice Centre - Logo"},{"@type":"BreadcrumbList","@id":"https:\/\/londonadvicecentre.org\/pl\/#breadcrumb","itemListElement":[{"@type":"ListItem","position":1,"name":"Home","item":"https:\/\/londonadvicecentre.org\/pl\/"},{"@type":"ListItem","position":2,"name":"Strona g\u0142\u00f3wna"}]},{"@type":"WebSite","@id":"https:\/\/londonadvicecentre.org\/pl\/#website","url":"https:\/\/londonadvicecentre.org\/pl\/","name":"London Advice Centre PL","description":"","publisher":{"@id":"https:\/\/londonadvicecentre.org\/pl\/#organization"},"potentialAction":[{"@type":"SearchAction","target":{"@type":"EntryPoint","urlTemplate":"https:\/\/londonadvicecentre.org\/pl\/?s={search_term_string}"},"query-input":{"@type":"PropertyValueSpecification","valueRequired":true,"valueName":"search_term_string"}}],"inLanguage":"pl-PL"},{"@type":"Organization","@id":"https:\/\/londonadvicecentre.org\/pl\/#organization","name":"London Advice Centre PL","url":"https:\/\/londonadvicecentre.org\/pl\/","logo":{"@type":"ImageObject","inLanguage":"pl-PL","@id":"https:\/\/londonadvicecentre.org\/pl\/#\/schema\/logo\/image\/","url":"https:\/\/londonadvicecentre.org\/pl\/wp-content\/uploads\/sites\/2\/2022\/01\/london-advice-centre-logo-v1.png","contentUrl":"https:\/\/londonadvicecentre.org\/pl\/wp-content\/uploads\/sites\/2\/2022\/01\/london-advice-centre-logo-v1.png","width":1024,"height":459,"caption":"London Advice Centre PL"},"image":{"@id":"https:\/\/londonadvicecentre.org\/pl\/#\/schema\/logo\/image\/"},"sameAs":["https:\/\/www.facebook.com\/profile.php?id=100072157610607"]}]}},"_links":{"self":[{"href":"https:\/\/londonadvicecentre.org\/pl\/wp-json\/wp\/v2\/pages\/448","targetHints":{"allow":["GET"]}}],"collection":[{"href":"https:\/\/londonadvicecentre.org\/pl\/wp-json\/wp\/v2\/pages"}],"about":[{"href":"https:\/\/londonadvicecentre.org\/pl\/wp-json\/wp\/v2\/types\/page"}],"author":[{"embeddable":true,"href":"https:\/\/londonadvicecentre.org\/pl\/wp-json\/wp\/v2\/users\/1"}],"replies":[{"embeddable":true,"href":"https:\/\/londonadvicecentre.org\/pl\/wp-json\/wp\/v2\/comments?post=448"}],"version-history":[{"count":15,"href":"https:\/\/londonadvicecentre.org\/pl\/wp-json\/wp\/v2\/pages\/448\/revisions"}],"predecessor-version":[{"id":668,"href":"https:\/\/londonadvicecentre.org\/pl\/wp-json\/wp\/v2\/pages\/448\/revisions\/668"}],"wp:attachment":[{"href":"https:\/\/londonadvicecentre.org\/pl\/wp-json\/wp\/v2\/media?parent=448"}],"curies":[{"name":"wp","href":"https:\/\/api.w.org\/{rel}","templated":true}]}}